{"id":859,"date":"2018-12-04T10:13:17","date_gmt":"2018-12-04T10:13:17","guid":{"rendered":"http:\/\/pirobouwcom.webhosting.be\/producten\/akoestische-isolatie\/isobet-plus\/"},"modified":"2020-03-13T15:13:21","modified_gmt":"2020-03-13T15:13:21","slug":"isobet-plus","status":"publish","type":"page","link":"https:\/\/pirobouw.com\/fr\/producten\/akoestische-isolatie\/isobet-plus\/","title":{"rendered":"Isobet Plus"},"content":{"rendered":"<h3>\n\t\tIsobet plus\n\t<\/h3>\n\t\t\t\t<img loading=\"lazy\" decoding=\"async\" src=\"https:\/\/pirobouw.com\/wp-content\/uploads\/2020\/01\/Pirobouw_Isobet_plus-tekst.jpg\" alt=\"Pirobouw_Isobet_plus-tekst\" itemprop=\"image\" height=\"425\" width=\"636\" title=\"Pirobouw_Isobet_plus-tekst\" onerror=\"this.style.display='none'\"  \/>\n\t<h3>Isolation acoustique<\/h3>\nIsobet-Plus est un syst\u00e8me d\u2019isolation thermique et acoustique <strong>des entresols<\/strong>. Le syst\u00e8me Isobet-Plus est obtenu en posant un <strong>film d\u2019isolation acoustique<\/strong> sp\u00e9cial sur la couche d\u2019Isobet.<br \/>\nLe syst\u00e8me Isobet-Plus met parfaitement en pratique le principe des <strong>chapes flottantes<\/strong>.\u00a0 Isobet-Plus <strong>r\u00e9duit les bruits de contact<\/strong> de <strong>27\u00a0dB<\/strong> (\u2206 Lw = 27\u00a0dB, d\u2019apr\u00e8s la norme\u00a0 EN\u00a0ISO\u00a0717).\n\t<h3>Isolation thermique<\/h3>\n<strong>Isobet est un mortier isolant l\u00e9ger compos\u00e9 de billes d\u2019EPS recycl\u00e9, de vermiculite, de ciment en guise de liant et d\u2019additifs en vue de l\u2019obtention de propri\u00e9t\u00e9s irr\u00e9prochables.<br \/>\n<\/strong>Cette isolation du sol est g\u00e9n\u00e9ralement utilis\u00e9e comme <strong>couche de remblai thermique<\/strong> en cas d\u2019in\u00e9galit\u00e9s, de diff\u00e9rences de niveau et au-dessus de syst\u00e8mes de tubes, par exemple sur les entresols d\u2019immeubles \u00e0 appartements.\nIsobet permet d\u2019\u00e9viter les ponts thermiques.<br \/>\nEn effet, il est pos\u00e9 <strong>sans joint<\/strong> ni interruption.\u00a0 De m\u00eame, la finition contre les murs et autour des tubes est parfaitement r\u00e9alisable. La valeur d\u2019isolation d\u00e9pend de l\u2019\u00e9paisseur d\u2019ex\u00e9cution.\n\t\t\t\t<img loading=\"lazy\" decoding=\"async\" src=\"https:\/\/pirobouw.com\/wp-content\/uploads\/2019\/11\/isobet-plus-right.jpg\" alt=\"isobet-plus-right\" itemprop=\"image\" height=\"450\" width=\"635\" title=\"isobet-plus-right\" onerror=\"this.style.display='none'\"  \/>\n\t\t\t\t<img loading=\"lazy\" decoding=\"async\" src=\"https:\/\/pirobouw.com\/wp-content\/uploads\/2019\/11\/isobet-left-1.jpg\" alt=\"isobet-left-1\" itemprop=\"image\" height=\"450\" width=\"635\" title=\"isobet-left-1\" onerror=\"this.style.display='none'\"  \/>\n\t<h3>Garantie de qualit\u00e9<\/h3>\n<p>Afin de garantir une mise en \u0153uvre parfaite de chaque sol, le syst\u00e8me Isobet-Plus est exclusivement pos\u00e9 par des <strong>soci\u00e9t\u00e9s agr\u00e9\u00e9es\u00a0: Thiers-Horizon SA et Eltherm<\/strong>. En effet, pour l\u2019isolation des bruits de contact, ce sont les petits <strong>d\u00e9tails<\/strong> qui font la <strong>qualit\u00e9 de l\u2019isolation<\/strong>. L\u2019<strong>agr\u00e9ment ATG<\/strong> garantit la r\u00e9duction des bruits de contact.<\/p>\n<h3>Application<\/h3>\n<p>isolation thermique et acoustique pour les entresols dans les appartements\u00a0: <strong>Isobet Plus<\/strong><\/p>\n\t\t\t<a href=\"https:\/\/pirobouw.com\/fr\/contact\/\" target=\"_self\" role=\"button\" rel=\"noopener noreferrer\">\n\t\t\t\t\t\t\tcontactez-nous pour plus d&#8217;informations\n\t\t\t\t\t<\/a>\n\t<h3>Produits associ\u00e9s<\/h3>\n\t\t\t\t<a href=\"https:\/\/pirobouw.com\/fr\/producten\/thermische-isolatie\/vloeren\/isobet\/\" target=\"_self\" rel=\"noopener noreferrer\">\n\t\t\t\t<img decoding=\"async\" src=\"https:\/\/pirobouw.com\/wp-content\/uploads\/2020\/02\/Pirobouw_Isobet-texte_FR-footer.jpg\" \/>\n\t\t\t\t<\/a>\n\t\t\t\t<a href=\"https:\/\/pirobouw.com\/fr\/producten\/thermische-isolatie\/vloeren\/isobet\/\" target=\"_self\" rel=\"noopener noreferrer\">\n\t\t\t\tIsobet\n\t\tEn savoir plus\n\t\t\t\t<\/a>\n\t\t\t\t<a href=\"https:\/\/pirobouw.com\/fr\/producten\/akoestische-isolatie\/isobet-plus\/\" target=\"_self\" rel=\"noopener noreferrer\">\n\t\t\t\t<img decoding=\"async\" src=\"https:\/\/pirobouw.com\/wp-content\/uploads\/2020\/02\/Pirobouw_Isobet_plus-texte_FR-footer.jpg\" \/>\n\t\t\t\t<\/a>\n\t\t\t\t<a href=\"https:\/\/pirobouw.com\/fr\/producten\/akoestische-isolatie\/isobet-plus\/\" target=\"_self\" rel=\"noopener noreferrer\">\n\t\t\t\tIsobet plus\n\t\tEn savoir plus\n\t\t\t\t<\/a>\n","protected":false},"excerpt":{"rendered":"<p>Isobet plus Isolation acoustique Isobet-Plus est un syst\u00e8me d\u2019isolation thermique et acoustique des entresols. Le syst\u00e8me Isobet-Plus est obtenu en posant un film d\u2019isolation acoustique sp\u00e9cial sur la couche d\u2019Isobet. Le syst\u00e8me Isobet-Plus met parfaitement en pratique le principe des chapes flottantes.\u00a0 Isobet-Plus r\u00e9duit les bruits de contact de 27\u00a0dB (\u2206 Lw = 27\u00a0dB, d\u2019apr\u00e8s<\/p>\n","protected":false},"author":6,"featured_media":0,"parent":857,"menu_order":0,"comment_status":"closed","ping_status":"closed","template":"","meta":{"_exactmetrics_skip_tracking":false,"_exactmetrics_sitenote_active":false,"_exactmetrics_sitenote_note":"","_exactmetrics_sitenote_category":0,"site-sidebar-layout":"no-sidebar","site-content-layout":"page-builder","ast-site-content-layout":"default","site-content-style":"default","site-sidebar-style":"default","ast-global-header-display":"","ast-banner-title-visibility":"","ast-main-header-display":"","ast-hfb-above-header-display":"","ast-hfb-below-header-display":"","ast-hfb-mobile-header-display":"","site-post-title":"disabled","ast-breadcrumbs-content":"","ast-featured-img":"disabled","footer-sml-layout":"","ast-disable-related-posts":"","theme-transparent-header-meta":"","adv-header-id-meta":"","stick-header-meta":"","header-above-stick-meta":"","header-main-stick-meta":"","header-below-stick-meta":"","astra-migrate-meta-layouts":"default","ast-page-background-enabled":"default","ast-page-background-meta":{"desktop":{"background-color":"","background-image":"","background-repeat":"repeat","background-position":"center center","background-size":"auto","background-attachment":"scroll","background-type":"","background-media":"","overlay-type":"","overlay-color":"","overlay-opacity":"","overlay-gradient":""},"tablet":{"background-color":"","background-image":"","background-repeat":"repeat","background-position":"center center","background-size":"auto","background-attachment":"scroll","background-type":"","background-media":"","overlay-type":"","overlay-color":"","overlay-opacity":"","overlay-gradient":""},"mobile":{"background-color":"","background-image":"","background-repeat":"repeat","background-position":"center center","background-size":"auto","background-attachment":"scroll","background-type":"","background-media":"","overlay-type":"","overlay-color":"","overlay-opacity":"","overlay-gradient":""}},"ast-content-background-meta":{"desktop":{"background-color":"var(--ast-global-color-5)","background-image":"","background-repeat":"repeat","background-position":"center center","background-size":"auto","background-attachment":"scroll","background-type":"","background-media":"","overlay-type":"","overlay-color":"","overlay-opacity":"","overlay-gradient":""},"tablet":{"background-color":"var(--ast-global-color-5)","background-image":"","background-repeat":"repeat","background-position":"center center","background-size":"auto","background-attachment":"scroll","background-type":"","background-media":"","overlay-type":"","overlay-color":"","overlay-opacity":"","overlay-gradient":""},"mobile":{"background-color":"var(--ast-global-color-5)","background-image":"","background-repeat":"repeat","background-position":"center center","background-size":"auto","background-attachment":"scroll","background-type":"","background-media":"","overlay-type":"","overlay-color":"","overlay-opacity":"","overlay-gradient":""}},"footnotes":""},"class_list":["post-859","page","type-page","status-publish","hentry"],"yoast_head":"<!-- This site is optimized with the Yoast SEO plugin v27.5 - https:\/\/yoast.com\/product\/yoast-seo-wordpress\/ -->\n<title>Isobet Plus - Pirobouw<\/title>\n<meta name=\"robots\" content=\"index, follow, max-snippet:-1, max-image-preview:large, max-video-preview:-1\" \/>\n<link rel=\"canonical\" href=\"https:\/\/pirobouw.com\/fr\/producten\/akoestische-isolatie\/isobet-plus\/\" \/>\n<meta property=\"og:locale\" content=\"fr_FR\" \/>\n<meta property=\"og:type\" content=\"article\" \/>\n<meta property=\"og:title\" content=\"Isobet Plus - Pirobouw\" \/>\n<meta property=\"og:description\" content=\"Isobet plus Isolation acoustique Isobet-Plus est un syst\u00e8me d\u2019isolation thermique et acoustique des entresols. Le syst\u00e8me Isobet-Plus est obtenu en posant un film d\u2019isolation acoustique sp\u00e9cial sur la couche d\u2019Isobet. Le syst\u00e8me Isobet-Plus met parfaitement en pratique le principe des chapes flottantes.\u00a0 Isobet-Plus r\u00e9duit les bruits de contact de 27\u00a0dB (\u2206 Lw = 27\u00a0dB, d\u2019apr\u00e8s\" \/>\n<meta property=\"og:url\" content=\"https:\/\/pirobouw.com\/fr\/producten\/akoestische-isolatie\/isobet-plus\/\" \/>\n<meta property=\"og:site_name\" content=\"Pirobouw\" \/>\n<meta property=\"article:modified_time\" content=\"2020-03-13T15:13:21+00:00\" \/>\n<meta property=\"og:image\" content=\"https:\/\/pirobouw.com\/wp-content\/uploads\/2020\/01\/Pirobouw_Isobet_plus-tekst.jpg\" \/>\n<meta name=\"twitter:card\" content=\"summary_large_image\" \/>\n<meta name=\"twitter:label1\" content=\"Est. reading time\" \/>\n\t<meta name=\"twitter:data1\" content=\"1 minute\" \/>\n<script type=\"application\/ld+json\" class=\"yoast-schema-graph\">{\"@context\":\"https:\\\/\\\/schema.org\",\"@graph\":[{\"@type\":\"WebPage\",\"@id\":\"https:\\\/\\\/pirobouw.com\\\/fr\\\/producten\\\/akoestische-isolatie\\\/isobet-plus\\\/\",\"url\":\"https:\\\/\\\/pirobouw.com\\\/fr\\\/producten\\\/akoestische-isolatie\\\/isobet-plus\\\/\",\"name\":\"Isobet Plus - Pirobouw\",\"isPartOf\":{\"@id\":\"https:\\\/\\\/pirobouw.com\\\/fr\\\/#website\"},\"primaryImageOfPage\":{\"@id\":\"https:\\\/\\\/pirobouw.com\\\/fr\\\/producten\\\/akoestische-isolatie\\\/isobet-plus\\\/#primaryimage\"},\"image\":{\"@id\":\"https:\\\/\\\/pirobouw.com\\\/fr\\\/producten\\\/akoestische-isolatie\\\/isobet-plus\\\/#primaryimage\"},\"thumbnailUrl\":\"https:\\\/\\\/pirobouw.com\\\/wp-content\\\/uploads\\\/2020\\\/01\\\/Pirobouw_Isobet_plus-tekst.jpg\",\"datePublished\":\"2018-12-04T10:13:17+00:00\",\"dateModified\":\"2020-03-13T15:13:21+00:00\",\"breadcrumb\":{\"@id\":\"https:\\\/\\\/pirobouw.com\\\/fr\\\/producten\\\/akoestische-isolatie\\\/isobet-plus\\\/#breadcrumb\"},\"inLanguage\":\"fr-FR\",\"potentialAction\":[{\"@type\":\"ReadAction\",\"target\":[\"https:\\\/\\\/pirobouw.com\\\/fr\\\/producten\\\/akoestische-isolatie\\\/isobet-plus\\\/\"]}]},{\"@type\":\"ImageObject\",\"inLanguage\":\"fr-FR\",\"@id\":\"https:\\\/\\\/pirobouw.com\\\/fr\\\/producten\\\/akoestische-isolatie\\\/isobet-plus\\\/#primaryimage\",\"url\":\"https:\\\/\\\/pirobouw.com\\\/wp-content\\\/uploads\\\/2020\\\/01\\\/Pirobouw_Isobet_plus-tekst.jpg\",\"contentUrl\":\"https:\\\/\\\/pirobouw.com\\\/wp-content\\\/uploads\\\/2020\\\/01\\\/Pirobouw_Isobet_plus-tekst.jpg\"},{\"@type\":\"BreadcrumbList\",\"@id\":\"https:\\\/\\\/pirobouw.com\\\/fr\\\/producten\\\/akoestische-isolatie\\\/isobet-plus\\\/#breadcrumb\",\"itemListElement\":[{\"@type\":\"ListItem\",\"position\":1,\"name\":\"Home\",\"item\":\"https:\\\/\\\/pirobouw.com\\\/fr\\\/\"},{\"@type\":\"ListItem\",\"position\":2,\"name\":\"PRODUCTEN\",\"item\":\"https:\\\/\\\/pirobouw.com\\\/fr\\\/producten\\\/\"},{\"@type\":\"ListItem\",\"position\":3,\"name\":\"AKOESTISCHE ISOLATIE\",\"item\":\"https:\\\/\\\/pirobouw.com\\\/fr\\\/producten\\\/akoestische-isolatie\\\/\"},{\"@type\":\"ListItem\",\"position\":4,\"name\":\"Isobet Plus\"}]},{\"@type\":\"WebSite\",\"@id\":\"https:\\\/\\\/pirobouw.com\\\/fr\\\/#website\",\"url\":\"https:\\\/\\\/pirobouw.com\\\/fr\\\/\",\"name\":\"Pirobouw\",\"description\":\"isolerende mortels met verbluffende eigenschappen\",\"publisher\":{\"@id\":\"https:\\\/\\\/pirobouw.com\\\/fr\\\/#organization\"},\"potentialAction\":[{\"@type\":\"SearchAction\",\"target\":{\"@type\":\"EntryPoint\",\"urlTemplate\":\"https:\\\/\\\/pirobouw.com\\\/fr\\\/?s={search_term_string}\"},\"query-input\":{\"@type\":\"PropertyValueSpecification\",\"valueRequired\":true,\"valueName\":\"search_term_string\"}}],\"inLanguage\":\"fr-FR\"},{\"@type\":\"Organization\",\"@id\":\"https:\\\/\\\/pirobouw.com\\\/fr\\\/#organization\",\"name\":\"Pirobouw\",\"url\":\"https:\\\/\\\/pirobouw.com\\\/fr\\\/\",\"logo\":{\"@type\":\"ImageObject\",\"inLanguage\":\"fr-FR\",\"@id\":\"https:\\\/\\\/pirobouw.com\\\/fr\\\/#\\\/schema\\\/logo\\\/image\\\/\",\"url\":\"https:\\\/\\\/pirobouw.com\\\/wp-content\\\/uploads\\\/2019\\\/11\\\/logo-pirobouw.svg\",\"contentUrl\":\"https:\\\/\\\/pirobouw.com\\\/wp-content\\\/uploads\\\/2019\\\/11\\\/logo-pirobouw.svg\",\"caption\":\"Pirobouw\"},\"image\":{\"@id\":\"https:\\\/\\\/pirobouw.com\\\/fr\\\/#\\\/schema\\\/logo\\\/image\\\/\"}}]}<\/script>\n<!-- \/ Yoast SEO plugin. -->","yoast_head_json":{"title":"Isobet Plus - Pirobouw","robots":{"index":"index","follow":"follow","max-snippet":"max-snippet:-1","max-image-preview":"max-image-preview:large","max-video-preview":"max-video-preview:-1"},"canonical":"https:\/\/pirobouw.com\/fr\/producten\/akoestische-isolatie\/isobet-plus\/","og_locale":"fr_FR","og_type":"article","og_title":"Isobet Plus - Pirobouw","og_description":"Isobet plus Isolation acoustique Isobet-Plus est un syst\u00e8me d\u2019isolation thermique et acoustique des entresols. Le syst\u00e8me Isobet-Plus est obtenu en posant un film d\u2019isolation acoustique sp\u00e9cial sur la couche d\u2019Isobet. Le syst\u00e8me Isobet-Plus met parfaitement en pratique le principe des chapes flottantes.\u00a0 Isobet-Plus r\u00e9duit les bruits de contact de 27\u00a0dB (\u2206 Lw = 27\u00a0dB, d\u2019apr\u00e8s","og_url":"https:\/\/pirobouw.com\/fr\/producten\/akoestische-isolatie\/isobet-plus\/","og_site_name":"Pirobouw","article_modified_time":"2020-03-13T15:13:21+00:00","og_image":[{"url":"https:\/\/pirobouw.com\/wp-content\/uploads\/2020\/01\/Pirobouw_Isobet_plus-tekst.jpg","type":"","width":"","height":""}],"twitter_card":"summary_large_image","twitter_misc":{"Est. reading time":"1 minute"},"schema":{"@context":"https:\/\/schema.org","@graph":[{"@type":"WebPage","@id":"https:\/\/pirobouw.com\/fr\/producten\/akoestische-isolatie\/isobet-plus\/","url":"https:\/\/pirobouw.com\/fr\/producten\/akoestische-isolatie\/isobet-plus\/","name":"Isobet Plus - Pirobouw","isPartOf":{"@id":"https:\/\/pirobouw.com\/fr\/#website"},"primaryImageOfPage":{"@id":"https:\/\/pirobouw.com\/fr\/producten\/akoestische-isolatie\/isobet-plus\/#primaryimage"},"image":{"@id":"https:\/\/pirobouw.com\/fr\/producten\/akoestische-isolatie\/isobet-plus\/#primaryimage"},"thumbnailUrl":"https:\/\/pirobouw.com\/wp-content\/uploads\/2020\/01\/Pirobouw_Isobet_plus-tekst.jpg","datePublished":"2018-12-04T10:13:17+00:00","dateModified":"2020-03-13T15:13:21+00:00","breadcrumb":{"@id":"https:\/\/pirobouw.com\/fr\/producten\/akoestische-isolatie\/isobet-plus\/#breadcrumb"},"inLanguage":"fr-FR","potentialAction":[{"@type":"ReadAction","target":["https:\/\/pirobouw.com\/fr\/producten\/akoestische-isolatie\/isobet-plus\/"]}]},{"@type":"ImageObject","inLanguage":"fr-FR","@id":"https:\/\/pirobouw.com\/fr\/producten\/akoestische-isolatie\/isobet-plus\/#primaryimage","url":"https:\/\/pirobouw.com\/wp-content\/uploads\/2020\/01\/Pirobouw_Isobet_plus-tekst.jpg","contentUrl":"https:\/\/pirobouw.com\/wp-content\/uploads\/2020\/01\/Pirobouw_Isobet_plus-tekst.jpg"},{"@type":"BreadcrumbList","@id":"https:\/\/pirobouw.com\/fr\/producten\/akoestische-isolatie\/isobet-plus\/#breadcrumb","itemListElement":[{"@type":"ListItem","position":1,"name":"Home","item":"https:\/\/pirobouw.com\/fr\/"},{"@type":"ListItem","position":2,"name":"PRODUCTEN","item":"https:\/\/pirobouw.com\/fr\/producten\/"},{"@type":"ListItem","position":3,"name":"AKOESTISCHE ISOLATIE","item":"https:\/\/pirobouw.com\/fr\/producten\/akoestische-isolatie\/"},{"@type":"ListItem","position":4,"name":"Isobet Plus"}]},{"@type":"WebSite","@id":"https:\/\/pirobouw.com\/fr\/#website","url":"https:\/\/pirobouw.com\/fr\/","name":"Pirobouw","description":"isolerende mortels met verbluffende eigenschappen","publisher":{"@id":"https:\/\/pirobouw.com\/fr\/#organization"},"potentialAction":[{"@type":"SearchAction","target":{"@type":"EntryPoint","urlTemplate":"https:\/\/pirobouw.com\/fr\/?s={search_term_string}"},"query-input":{"@type":"PropertyValueSpecification","valueRequired":true,"valueName":"search_term_string"}}],"inLanguage":"fr-FR"},{"@type":"Organization","@id":"https:\/\/pirobouw.com\/fr\/#organization","name":"Pirobouw","url":"https:\/\/pirobouw.com\/fr\/","logo":{"@type":"ImageObject","inLanguage":"fr-FR","@id":"https:\/\/pirobouw.com\/fr\/#\/schema\/logo\/image\/","url":"https:\/\/pirobouw.com\/wp-content\/uploads\/2019\/11\/logo-pirobouw.svg","contentUrl":"https:\/\/pirobouw.com\/wp-content\/uploads\/2019\/11\/logo-pirobouw.svg","caption":"Pirobouw"},"image":{"@id":"https:\/\/pirobouw.com\/fr\/#\/schema\/logo\/image\/"}}]}},"_links":{"self":[{"href":"https:\/\/pirobouw.com\/fr\/wp-json\/wp\/v2\/pages\/859","targetHints":{"allow":["GET"]}}],"collection":[{"href":"https:\/\/pirobouw.com\/fr\/wp-json\/wp\/v2\/pages"}],"about":[{"href":"https:\/\/pirobouw.com\/fr\/wp-json\/wp\/v2\/types\/page"}],"author":[{"embeddable":true,"href":"https:\/\/pirobouw.com\/fr\/wp-json\/wp\/v2\/users\/6"}],"replies":[{"embeddable":true,"href":"https:\/\/pirobouw.com\/fr\/wp-json\/wp\/v2\/comments?post=859"}],"version-history":[{"count":0,"href":"https:\/\/pirobouw.com\/fr\/wp-json\/wp\/v2\/pages\/859\/revisions"}],"up":[{"embeddable":true,"href":"https:\/\/pirobouw.com\/fr\/wp-json\/wp\/v2\/pages\/857"}],"wp:attachment":[{"href":"https:\/\/pirobouw.com\/fr\/wp-json\/wp\/v2\/media?parent=859"}],"curies":[{"name":"wp","href":"https:\/\/api.w.org\/{rel}","templated":true}]}}